{"id":9,"date":"2026-03-03T11:30:27","date_gmt":"2026-03-03T11:30:27","guid":{"rendered":"https:\/\/kikoperes.com\/cursos\/?page_id=9"},"modified":"2026-03-03T14:10:27","modified_gmt":"2026-03-03T14:10:27","slug":"curso","status":"publish","type":"page","link":"https:\/\/kikoperes.com\/cursos\/","title":{"rendered":"Curso"},"content":{"rendered":"\t\t<div data-elementor-type=\"wp-page\" data-elementor-id=\"9\" class=\"elementor elementor-9\" data-elementor-post-type=\"page\">\n\t\t\t\t<div class=\"elementor-element elementor-element-e34003d e-con-full e-flex e-con e-parent\" data-id=\"e34003d\" data-element_type=\"container\" data-e-type=\"container\" data-settings=\"{&quot;background_background&quot;:&quot;classic&quot;}\">\n\t\t\t\t<div class=\"elementor-element elementor-element-b237b67 elementor-widget__width-initial elementor-widget-mobile__width-initial elementor-widget elementor-widget-image\" data-id=\"b237b67\" data-element_type=\"widget\" data-e-type=\"widget\" data-widget_type=\"image.default\">\n\t\t\t\t\t\t\t\t\t\t\t\t\t\t\t<img fetchpriority=\"high\" decoding=\"async\" width=\"940\" height=\"788\" src=\"https:\/\/kikoperes.com\/cursos\/wp-content\/uploads\/2026\/03\/Kiko-Peres.png\" class=\"attachment-full size-full wp-image-28\" alt=\"\" srcset=\"https:\/\/kikoperes.com\/cursos\/wp-content\/uploads\/2026\/03\/Kiko-Peres.png 940w, https:\/\/kikoperes.com\/cursos\/wp-content\/uploads\/2026\/03\/Kiko-Peres-300x251.png 300w, https:\/\/kikoperes.com\/cursos\/wp-content\/uploads\/2026\/03\/Kiko-Peres-768x644.png 768w\" sizes=\"(max-width: 940px) 100vw, 940px\" \/>\t\t\t\t\t\t\t\t\t\t\t\t\t\t\t<\/div>\n\t\t\t\t<div class=\"elementor-element elementor-element-8acd0e9 elementor-widget__width-initial elementor-widget-mobile__width-inherit elementor-widget-tablet__width-initial elementor-widget elementor-widget-heading\" data-id=\"8acd0e9\" data-element_type=\"widget\" data-e-type=\"widget\" data-widget_type=\"heading.default\">\n\t\t\t\t\t<h2 class=\"elementor-heading-title elementor-size-default\">Aprenda com o guitarrista do Natiruts e evolua de verdade. <\/h2>\t\t\t\t<\/div>\n\t\t\t\t<div class=\"elementor-element elementor-element-8ae7aee elementor-widget__width-initial elementor-widget-mobile__width-initial elementor-widget-tablet__width-initial elementor-widget elementor-widget-text-editor\" data-id=\"8ae7aee\" data-element_type=\"widget\" data-e-type=\"widget\" data-widget_type=\"text-editor.default\">\n\t\t\t\t\t\t\t\t\t<p>D\u00ea o pr\u00f3ximo passo na guitarra. Assista ao v\u00eddeo e comece hoje.<\/p>\t\t\t\t\t\t\t\t<\/div>\n\t\t\t\t<div class=\"elementor-element elementor-element-652f2d7 elementor-widget elementor-widget-html\" data-id=\"652f2d7\" data-element_type=\"widget\" data-e-type=\"widget\" data-widget_type=\"html.default\">\n\t\t\t\t\t<div style=\"max-width:800px; margin:40px auto;\">\r\n  <video \r\n    controls\r\n    playsinline\r\n    preload=\"metadata\"\r\n    poster=\"https:\/\/kikoperes.com\/cursos\/wp-content\/uploads\/2026\/03\/Kiko-peres-1.jpg\"\r\n    style=\"width:100%; height:auto; display:block; border-radius:12px;\">\r\n    \r\n    <source src=\"https:\/\/kikoperes.com\/cursos\/wp-content\/uploads\/2026\/03\/Kiko-peres-1.mp4\" type=\"video\/mp4\">\r\n    \r\n    Seu navegador n\u00e3o suporta v\u00eddeo.\r\n  <\/video>\r\n<\/div>\t\t\t\t<\/div>\n\t\t\t\t<div class=\"elementor-element elementor-element-d7237cf elementor-align-justify elementor-mobile-align-justify elementor-widget-mobile__width-initial elementor-widget__width-initial elementor-widget-tablet__width-initial elementor-widget elementor-widget-button\" data-id=\"d7237cf\" data-element_type=\"widget\" data-e-type=\"widget\" data-widget_type=\"button.default\">\n\t\t\t\t\t\t\t\t\t\t<a class=\"elementor-button elementor-button-link elementor-size-md elementor-animation-float\" href=\"https:\/\/kikoperes.herospark.co\/p\/home\">\n\t\t\t\t\t\t<span class=\"elementor-button-content-wrapper\">\n\t\t\t\t\t\t\t\t\t<span class=\"elementor-button-text\">COME\u00c7AR MINHA EVOLU\u00c7\u00c3O<\/span>\n\t\t\t\t\t<\/span>\n\t\t\t\t\t<\/a>\n\t\t\t\t\t\t\t\t<\/div>\n\t\t\t\t<div class=\"elementor-element elementor-element-161b1a3 elementor-widget__width-initial elementor-widget-tablet__width-initial elementor-widget elementor-widget-image\" data-id=\"161b1a3\" data-element_type=\"widget\" data-e-type=\"widget\" data-widget_type=\"image.default\">\n\t\t\t\t\t\t\t\t\t\t\t\t\t\t\t<img decoding=\"async\" width=\"392\" height=\"64\" src=\"https:\/\/kikoperes.com\/cursos\/wp-content\/uploads\/2026\/03\/imagem_2022-11-22_234236800-Editado.png\" class=\"attachment-large size-large wp-image-21\" alt=\"\" srcset=\"https:\/\/kikoperes.com\/cursos\/wp-content\/uploads\/2026\/03\/imagem_2022-11-22_234236800-Editado.png 392w, https:\/\/kikoperes.com\/cursos\/wp-content\/uploads\/2026\/03\/imagem_2022-11-22_234236800-Editado-300x49.png 300w\" sizes=\"(max-width: 392px) 100vw, 392px\" \/>\t\t\t\t\t\t\t\t\t\t\t\t\t\t\t<\/div>\n\t\t\t\t<div class=\"elementor-element elementor-element-99bd252 elementor-widget elementor-widget-html\" data-id=\"99bd252\" data-element_type=\"widget\" data-e-type=\"widget\" data-widget_type=\"html.default\">\n\t\t\t\t\t<div class=\"easybuilder\"><\/div>\r\n\t\t\t\t<\/div>\n\t\t\t\t<\/div>\n\t\t\t\t<\/div>\n\t\t","protected":false},"excerpt":{"rendered":"<p>Aprenda com o guitarrista do Natiruts e evolua de verdade. D\u00ea o pr\u00f3ximo passo na guitarra. Assista ao v\u00eddeo e comece hoje. Seu navegador n\u00e3o suporta v\u00eddeo. COME\u00c7AR MINHA EVOLU\u00c7\u00c3O<\/p>\n","protected":false},"author":1,"featured_media":0,"parent":0,"menu_order":0,"comment_status":"closed","ping_status":"closed","template":"elementor_canvas","meta":{"pagelayer_contact_templates":[],"_pagelayer_content":"","footnotes":""},"class_list":["post-9","page","type-page","status-publish","hentry"],"_links":{"self":[{"href":"https:\/\/kikoperes.com\/cursos\/wp-json\/wp\/v2\/pages\/9","targetHints":{"allow":["GET"]}}],"collection":[{"href":"https:\/\/kikoperes.com\/cursos\/wp-json\/wp\/v2\/pages"}],"about":[{"href":"https:\/\/kikoperes.com\/cursos\/wp-json\/wp\/v2\/types\/page"}],"author":[{"embeddable":true,"href":"https:\/\/kikoperes.com\/cursos\/wp-json\/wp\/v2\/users\/1"}],"replies":[{"embeddable":true,"href":"https:\/\/kikoperes.com\/cursos\/wp-json\/wp\/v2\/comments?post=9"}],"version-history":[{"count":97,"href":"https:\/\/kikoperes.com\/cursos\/wp-json\/wp\/v2\/pages\/9\/revisions"}],"predecessor-version":[{"id":135,"href":"https:\/\/kikoperes.com\/cursos\/wp-json\/wp\/v2\/pages\/9\/revisions\/135"}],"wp:attachment":[{"href":"https:\/\/kikoperes.com\/cursos\/wp-json\/wp\/v2\/media?parent=9"}],"curies":[{"name":"wp","href":"https:\/\/api.w.org\/{rel}","templated":true}]}}